{"id":33,"date":"2023-12-12T10:13:03","date_gmt":"2023-12-12T09:13:03","guid":{"rendered":"https:\/\/dev-web-137.becreatives.com\/spafarma\/iberica\/?page_id=33"},"modified":"2025-11-25T10:21:52","modified_gmt":"2025-11-25T09:21:52","slug":"farmacovigilancia","status":"publish","type":"page","link":"https:\/\/spafarma.com\/iberica\/farmacovigilancia\/","title":{"rendered":"Farmacovigilancia"},"content":{"rendered":"\n<div class=\"wp-block-responsive-block-editor-addons-spacer responsive-block-editor-addons-block-spacer block-799baff7-ad64-4e73-b366-1088b07959ff responsive-block-editor-addons-spacer\"> <\/div>\n\n\n\n<div class=\"wp-block-responsive-block-editor-addons-advance-columns block-cd62eff0-fdd5-4575-97ac-ecaab48bbfb4 responsive-block-editor-addons-advanced-column-outer-wrap undefined\"><div class=\"responsive-block-editor-addons-advanced-column alignundefined\"><div class=\"responsive-columns-wrap responsive-block-editor-addons-block-columns responsive-columns__gap-wider responsive-columns__stack-mobile responsive-columns__content-width-theme overlay-type-color linear\"><div class=\"responsive-columns-inner-wrap responsive-columns-columns-2\">\n<div class=\"wp-block-responsive-block-editor-addons-column responsive-block-editor-addons-advanced-column-child block-e032a23d-3e5b-450e-822a-ebf785ebf0ff\"><div class=\"responsive-column-wrap responsive-block-editor-addons-block-column\"><div class=\"responsive-column-inner-wrap overlay-type-color linear\">\n<p class=\" eplus-wrapper\" style='font-weight: 600'>La <strong style=\"color:#D3004A\">farmacovigilancia<\/strong> es una actividad de salud p\u00fablica destinada a identificar, cuantificar, evaluar y prevenir los posibles riesgos derivados del uso de los medicamentos.<\/p>\n\n\n\n<div style=\"height:5px\" aria-hidden=\"true\" class=\" wp-block-spacer eplus-wrapper\"><\/div>\n\n\n\n<p class=\" eplus-wrapper\" style=\"font-weight: 600\">Por su important\u00edsimo papel en el mantenimiento de la salud de la poblaci\u00f3n, las actividades de farmacovigilancia han de seguir estrictamente la legislaci\u00f3n vigente.<\/p>\n\n\n\n<div style=\"height:5px\" aria-hidden=\"true\" class=\" wp-block-spacer eplus-wrapper\"><\/div>\n\n\n\n<p class=\" eplus-wrapper\"><strong>La Agencia Espa\u00f1ola de Medicamentos y Productos Sanitarios (AEMPS) es la autoridad sanitaria de referencia para ciudadanos y profesionales sanitarios en materia de garant\u00edas de calidad, seguridad, eficacia, informaci\u00f3n y accesibilidad de los medicamentos y productos sanitarios.<\/strong><\/p>\n<\/div><\/div><\/div>\n\n\n\n<div class=\"wp-block-responsive-block-editor-addons-column responsive-block-editor-addons-advanced-column-child block-45896341-06d2-473f-b652-f0b0f1970afa\"><div class=\"responsive-column-wrap responsive-block-editor-addons-block-column\"><div class=\"responsive-column-inner-wrap overlay-type-color linear\">\n<p style=\"font-weight: 600\" class=\" eplus-wrapper\">La legislaci\u00f3n vigente en Espa\u00f1a se basa en la Ley 29\/2006 de garant\u00edas y uso racional de los medicamentos y productos sanitarios, modificada a su vez por la Ley 10\/2013, de 24 de julio, y el RD 577\/2013, de 26 de julio, por el que se regula la farmacovigilancia de medicamentos de uso humano.<\/p>\n\n\n\n<div style=\"height:5px\" aria-hidden=\"true\" class=\" wp-block-spacer eplus-wrapper\"><\/div>\n\n\n\n<p class=\" eplus-wrapper\" style=\"font-weight: 600\"><span style=\"font-weight: 600;color: #D3004A\">\u00bfQuiere comunicar una sospecha de reacci\u00f3n adversa?<\/span><br>Si desea comunicar alg\u00fan tipo de signo, s\u00edntoma o enfermedad que usted crea pudiera estar relacionado a alguno de nuestros medicamentos, por favor h\u00e1galo a trav\u00e9s del correo: <a href=\"mailto:info@spafarma.com\" style=\"color:#000\">info@spafarma.com<\/a><\/p>\n<\/div><\/div><\/div>\n<\/div><\/div><\/div><\/div>\n\n\n\n<div class=\"wp-block-responsive-block-editor-addons-spacer responsive-block-editor-addons-block-spacer block-973e850c-8678-4527-9d0d-be5aa0ebb883 responsive-block-editor-addons-spacer\"> <\/div>\n","protected":false},"excerpt":{"rendered":"","protected":false},"author":1,"featured_media":116,"parent":0,"menu_order":0,"comment_status":"closed","ping_status":"closed","template":"","meta":{"inline_featured_image":false,"editor_plus_copied_stylings":"{}","footnotes":""},"class_list":["post-33","page","type-page","status-publish","has-post-thumbnail","hentry"],"lang":"es","translations":{"es":33,"en":140},"featured_image_src":"https:\/\/spafarma.com\/iberica\/wp-content\/uploads\/sites\/4\/2023\/12\/header_farmacovigilanza.png","featured_image_src_square":"https:\/\/spafarma.com\/iberica\/wp-content\/uploads\/sites\/4\/2023\/12\/header_farmacovigilanza.png","rbea_author_info":{"display_name":"admin_spaspa","author_link":"https:\/\/spafarma.com\/iberica\/author\/admin_spaspa\/"},"rbea_excerpt_info":null,"pll_sync_post":[],"_links":{"self":[{"href":"https:\/\/spafarma.com\/iberica\/wp-json\/wp\/v2\/pages\/33","targetHints":{"allow":["GET"]}}],"collection":[{"href":"https:\/\/spafarma.com\/iberica\/wp-json\/wp\/v2\/pages"}],"about":[{"href":"https:\/\/spafarma.com\/iberica\/wp-json\/wp\/v2\/types\/page"}],"author":[{"embeddable":true,"href":"https:\/\/spafarma.com\/iberica\/wp-json\/wp\/v2\/users\/1"}],"replies":[{"embeddable":true,"href":"https:\/\/spafarma.com\/iberica\/wp-json\/wp\/v2\/comments?post=33"}],"version-history":[{"count":4,"href":"https:\/\/spafarma.com\/iberica\/wp-json\/wp\/v2\/pages\/33\/revisions"}],"predecessor-version":[{"id":208,"href":"https:\/\/spafarma.com\/iberica\/wp-json\/wp\/v2\/pages\/33\/revisions\/208"}],"wp:featuredmedia":[{"embeddable":true,"href":"https:\/\/spafarma.com\/iberica\/wp-json\/wp\/v2\/media\/116"}],"wp:attachment":[{"href":"https:\/\/spafarma.com\/iberica\/wp-json\/wp\/v2\/media?parent=33"}],"curies":[{"name":"wp","href":"https:\/\/api.w.org\/{rel}","templated":true}]}}